{"id":887,"date":"2025-07-18T21:11:41","date_gmt":"2025-07-18T18:11:41","guid":{"rendered":"https:\/\/ekinciprefabrik.com\/?post_type=product&#038;p=887"},"modified":"2025-08-04T21:24:06","modified_gmt":"2025-08-04T18:24:06","slug":"54-m2-konteyner-ev-model-k2x5401","status":"publish","type":"product","link":"https:\/\/ekinciprefabrik.com\/index.php\/urun\/54-m2-konteyner-ev-model-k2x5401\/","title":{"rendered":"54 m2 Konteyner ev Model K2X5401"},"content":{"rendered":"","protected":false},"excerpt":{"rendered":"<p>&nbsp;<\/p>\n<figure class=\"table\" style=\"width: 62.39%;\">\n<table style=\"height: 100px; width: 350px;\" border=\"1\" cellspacing=\"1\" cellpadding=\"1\">\n<tbody>\n<tr>\n<td><img decoding=\"async\" src=\"https:\/\/ekinciprefabrik.com\/wp-content\/uploads\/2025\/07\/salon-piyes-ikon.png\" alt=\"\" \/>+<img decoding=\"async\" src=\"https:\/\/ekinciprefabrik.com\/wp-content\/uploads\/2025\/07\/mutfak-piyes-ikon.png\" alt=\"\" \/><\/td>\n<td>\u00a0\u00a01 Salon + Mutfak<\/td>\n<\/tr>\n<tr>\n<td><img decoding=\"async\" src=\"https:\/\/ekinciprefabrik.com\/wp-content\/uploads\/2025\/07\/yatak-odasi-piyes-ikon.png\" alt=\"\" \/><\/td>\n<td>\u00a0 \u00a02 Yatak Odas\u0131<\/td>\n<\/tr>\n<tr>\n<td><img decoding=\"async\" style=\"width: 38px; height: 35px;\" src=\"https:\/\/ekinciprefabrik.com\/wp-content\/uploads\/2025\/07\/banyo-piyes-ikon.png\" alt=\"\" \/><\/td>\n<td>\u00a0 1 Banyo+ Wc<\/td>\n<\/tr>\n<tr>\n<td><\/td>\n<td><\/td>\n<\/tr>\n<tr>\n<td><\/td>\n<td><\/td>\n<\/tr>\n<tr>\n<td><\/td>\n<td><\/td>\n<\/tr>\n<tr>\n<td><\/td>\n<td><\/td>\n<\/tr>\n<tr>\n<td><\/td>\n<td><\/td>\n<\/tr>\n<\/tbody>\n<\/table>\n<p>&nbsp;<\/p>\n<p>[njwa_button id=\"1340\"]<\/figure>\n","protected":false},"featured_media":888,"template":"","meta":{"_kad_post_transparent":"default","_kad_post_title":"","_kad_post_layout":"default","_kad_post_sidebar_id":"","_kad_post_content_style":"default","_kad_post_vertical_padding":"default","_kad_post_feature":"","_kad_post_feature_position":"","_kad_post_header":false,"_kad_post_footer":false},"product_brand":[203],"product_cat":[23,27],"product_tag":[195,70,206,198,202,66,65,201,64,199,194,200,212,68,211,193,210,205,71,67,209,213,69,197,63,196,207,204,208],"class_list":{"0":"post-887","1":"product","2":"type-product","3":"status-publish","4":"has-post-thumbnail","6":"product_brand-antalya-ekinci-prefabrik","7":"product_cat-tum-urunler","8":"product_cat-konteyner-modelleri","9":"product_tag-aksu","10":"product_tag-antalya","11":"product_tag-bahce","12":"product_tag-beldibi","13":"product_tag-bucak","14":"product_tag-cevre-dostu","15":"product_tag-dogaya-uyumlu","16":"product_tag-dosemealti","17":"product_tag-ev","18":"product_tag-geyikbayiri","19":"product_tag-goynuk","20":"product_tag-hisarcandir","21":"product_tag-ilce","22":"product_tag-imalat","23":"product_tag-kemer","24":"product_tag-kemer-konteyner","25":"product_tag-kepez","26":"product_tag-konteyner","27":"product_tag-konyaalti","28":"product_tag-kurulum","29":"product_tag-lara","30":"product_tag-merkez","31":"product_tag-montaj","32":"product_tag-muratpasa","33":"product_tag-prefabrik","34":"product_tag-serik","35":"product_tag-tarla","36":"product_tag-uygun-fiyat","37":"product_tag-yazlik","39":"first","40":"outofstock","41":"shipping-taxable","42":"product-type-variable","43":"has-default-attributes","44":"entry","45":"content-bg","46":"loop-entry"},"yoast_head":"<!-- This site is optimized with the Yoast SEO plugin v25.6 - https:\/\/yoast.com\/wordpress\/plugins\/seo\/ -->\n<title>Antalya prefabrik ev konteyner kurulum montaj ve imalat 54m2 prefabrik ev ile H\u0131zl\u0131 \u00c7\u00f6z\u00fcmler - Antalya Ekinci Prefabrik<\/title>\n<meta name=\"description\" content=\"Evinizi pratik bir \u015fekilde yarat\u0131n! Antalya prefabrik ev konteyner kurulum montaj ve imalat 54m2, konforun anahtar\u0131d\u0131r. Detaylar i\u00e7in t\u0131klay\u0131n!\" \/>\n<meta name=\"robots\" content=\"index, follow, max-snippet:-1, max-image-preview:large, max-video-preview:-1\" \/>\n<link rel=\"canonical\" href=\"https:\/\/ekinciprefabrik.com\/index.php\/urun\/54-m2-konteyner-ev-model-k2x5401\/\" \/>\n<meta property=\"og:locale\" content=\"tr_TR\" \/>\n<meta property=\"og:type\" content=\"article\" \/>\n<meta property=\"og:title\" content=\"Antalya prefabrik ev konteyner kurulum montaj ve imalat 54m2 prefabrik ev ile H\u0131zl\u0131 \u00c7\u00f6z\u00fcmler - Antalya Ekinci Prefabrik\" \/>\n<meta property=\"og:description\" content=\"Evinizi pratik bir \u015fekilde yarat\u0131n! Antalya prefabrik ev konteyner kurulum montaj ve imalat 54m2, konforun anahtar\u0131d\u0131r. Detaylar i\u00e7in t\u0131klay\u0131n!\" \/>\n<meta property=\"og:url\" content=\"https:\/\/ekinciprefabrik.com\/index.php\/urun\/54-m2-konteyner-ev-model-k2x5401\/\" \/>\n<meta property=\"og:site_name\" content=\"Antalya Ekinci Prefabrik\" \/>\n<meta property=\"article:modified_time\" content=\"2025-08-04T18:24:06+00:00\" \/>\n<meta property=\"og:image\" content=\"https:\/\/ekinciprefabrik.com\/wp-content\/uploads\/2025\/07\/166ac020bcebfc_orginal.jpg\" \/>\n\t<meta property=\"og:image:width\" content=\"2000\" \/>\n\t<meta property=\"og:image:height\" content=\"1500\" \/>\n\t<meta property=\"og:image:type\" content=\"image\/jpeg\" \/>\n<meta name=\"twitter:card\" content=\"summary_large_image\" \/>\n<meta name=\"twitter:label1\" content=\"Tahmini okuma s\u00fcresi\" \/>\n\t<meta name=\"twitter:data1\" content=\"1 dakika\" \/>\n<script type=\"application\/ld+json\" class=\"yoast-schema-graph\">{\"@context\":\"https:\/\/schema.org\",\"@graph\":[{\"@type\":\"WebPage\",\"@id\":\"https:\/\/ekinciprefabrik.com\/index.php\/urun\/54-m2-konteyner-ev-model-k2x5401\/\",\"url\":\"https:\/\/ekinciprefabrik.com\/index.php\/urun\/54-m2-konteyner-ev-model-k2x5401\/\",\"name\":\"Antalya prefabrik ev konteyner kurulum montaj ve imalat 54m2 prefabrik ev ile H\u0131zl\u0131 \u00c7\u00f6z\u00fcmler - Antalya Ekinci Prefabrik\",\"isPartOf\":{\"@id\":\"https:\/\/ekinciprefabrik.com\/#website\"},\"primaryImageOfPage\":{\"@id\":\"https:\/\/ekinciprefabrik.com\/index.php\/urun\/54-m2-konteyner-ev-model-k2x5401\/#primaryimage\"},\"image\":{\"@id\":\"https:\/\/ekinciprefabrik.com\/index.php\/urun\/54-m2-konteyner-ev-model-k2x5401\/#primaryimage\"},\"thumbnailUrl\":\"https:\/\/ekinciprefabrik.com\/wp-content\/uploads\/2025\/07\/166ac020bcebfc_orginal.jpg\",\"datePublished\":\"2025-07-18T18:11:41+00:00\",\"dateModified\":\"2025-08-04T18:24:06+00:00\",\"description\":\"Evinizi pratik bir \u015fekilde yarat\u0131n! Antalya prefabrik ev konteyner kurulum montaj ve imalat 54m2, konforun anahtar\u0131d\u0131r. Detaylar i\u00e7in t\u0131klay\u0131n!\",\"breadcrumb\":{\"@id\":\"https:\/\/ekinciprefabrik.com\/index.php\/urun\/54-m2-konteyner-ev-model-k2x5401\/#breadcrumb\"},\"inLanguage\":\"tr\",\"potentialAction\":[{\"@type\":\"ReadAction\",\"target\":[\"https:\/\/ekinciprefabrik.com\/index.php\/urun\/54-m2-konteyner-ev-model-k2x5401\/\"]}]},{\"@type\":\"ImageObject\",\"inLanguage\":\"tr\",\"@id\":\"https:\/\/ekinciprefabrik.com\/index.php\/urun\/54-m2-konteyner-ev-model-k2x5401\/#primaryimage\",\"url\":\"https:\/\/ekinciprefabrik.com\/wp-content\/uploads\/2025\/07\/166ac020bcebfc_orginal.jpg\",\"contentUrl\":\"https:\/\/ekinciprefabrik.com\/wp-content\/uploads\/2025\/07\/166ac020bcebfc_orginal.jpg\",\"width\":2000,\"height\":1500},{\"@type\":\"BreadcrumbList\",\"@id\":\"https:\/\/ekinciprefabrik.com\/index.php\/urun\/54-m2-konteyner-ev-model-k2x5401\/#breadcrumb\",\"itemListElement\":[{\"@type\":\"ListItem\",\"position\":1,\"name\":\"Anasayfa\",\"item\":\"https:\/\/ekinciprefabrik.com\/\"},{\"@type\":\"ListItem\",\"position\":2,\"name\":\"ma\u011faza\",\"item\":\"https:\/\/ekinciprefabrik.com\/index.php\/magaza\/\"},{\"@type\":\"ListItem\",\"position\":3,\"name\":\"aksu\",\"item\":\"https:\/\/ekinciprefabrik.com\/index.php\/urun-etiketi\/aksu\/\"},{\"@type\":\"ListItem\",\"position\":4,\"name\":\"54 m2 Konteyner ev Model K2X5401\"}]},{\"@type\":\"WebSite\",\"@id\":\"https:\/\/ekinciprefabrik.com\/#website\",\"url\":\"https:\/\/ekinciprefabrik.com\/\",\"name\":\"Antalya Ekinci Prefabrik\",\"description\":\"Antalya prefabrik ev yap\u0131m\u0131 montaj ve kurulum uygun fiyat\",\"publisher\":{\"@id\":\"https:\/\/ekinciprefabrik.com\/#organization\"},\"potentialAction\":[{\"@type\":\"SearchAction\",\"target\":{\"@type\":\"EntryPoint\",\"urlTemplate\":\"https:\/\/ekinciprefabrik.com\/?s={search_term_string}\"},\"query-input\":{\"@type\":\"PropertyValueSpecification\",\"valueRequired\":true,\"valueName\":\"search_term_string\"}}],\"inLanguage\":\"tr\"},{\"@type\":\"Organization\",\"@id\":\"https:\/\/ekinciprefabrik.com\/#organization\",\"name\":\"Antalya prefabrik ev kurulum montaj ve imalat\",\"url\":\"https:\/\/ekinciprefabrik.com\/\",\"logo\":{\"@type\":\"ImageObject\",\"inLanguage\":\"tr\",\"@id\":\"https:\/\/ekinciprefabrik.com\/#\/schema\/logo\/image\/\",\"url\":\"https:\/\/ekinciprefabrik.com\/wp-content\/uploads\/2025\/08\/cropped-cropped-LOGO111.png\",\"contentUrl\":\"https:\/\/ekinciprefabrik.com\/wp-content\/uploads\/2025\/08\/cropped-cropped-LOGO111.png\",\"width\":1537,\"height\":617,\"caption\":\"Antalya prefabrik ev kurulum montaj ve imalat\"},\"image\":{\"@id\":\"https:\/\/ekinciprefabrik.com\/#\/schema\/logo\/image\/\"},\"sameAs\":[\"https:\/\/www.instagram.com\/antalya_ekinci_prefabrik\/\"]}]}<\/script>\n<!-- \/ Yoast SEO plugin. -->","yoast_head_json":{"title":"Antalya prefabrik ev konteyner kurulum montaj ve imalat 54m2 prefabrik ev ile H\u0131zl\u0131 \u00c7\u00f6z\u00fcmler - Antalya Ekinci Prefabrik","description":"Evinizi pratik bir \u015fekilde yarat\u0131n! Antalya prefabrik ev konteyner kurulum montaj ve imalat 54m2, konforun anahtar\u0131d\u0131r. Detaylar i\u00e7in t\u0131klay\u0131n!","robots":{"index":"index","follow":"follow","max-snippet":"max-snippet:-1","max-image-preview":"max-image-preview:large","max-video-preview":"max-video-preview:-1"},"canonical":"https:\/\/ekinciprefabrik.com\/index.php\/urun\/54-m2-konteyner-ev-model-k2x5401\/","og_locale":"tr_TR","og_type":"article","og_title":"Antalya prefabrik ev konteyner kurulum montaj ve imalat 54m2 prefabrik ev ile H\u0131zl\u0131 \u00c7\u00f6z\u00fcmler - Antalya Ekinci Prefabrik","og_description":"Evinizi pratik bir \u015fekilde yarat\u0131n! Antalya prefabrik ev konteyner kurulum montaj ve imalat 54m2, konforun anahtar\u0131d\u0131r. Detaylar i\u00e7in t\u0131klay\u0131n!","og_url":"https:\/\/ekinciprefabrik.com\/index.php\/urun\/54-m2-konteyner-ev-model-k2x5401\/","og_site_name":"Antalya Ekinci Prefabrik","article_modified_time":"2025-08-04T18:24:06+00:00","og_image":[{"width":2000,"height":1500,"url":"https:\/\/ekinciprefabrik.com\/wp-content\/uploads\/2025\/07\/166ac020bcebfc_orginal.jpg","type":"image\/jpeg"}],"twitter_card":"summary_large_image","twitter_misc":{"Tahmini okuma s\u00fcresi":"1 dakika"},"schema":{"@context":"https:\/\/schema.org","@graph":[{"@type":"WebPage","@id":"https:\/\/ekinciprefabrik.com\/index.php\/urun\/54-m2-konteyner-ev-model-k2x5401\/","url":"https:\/\/ekinciprefabrik.com\/index.php\/urun\/54-m2-konteyner-ev-model-k2x5401\/","name":"Antalya prefabrik ev konteyner kurulum montaj ve imalat 54m2 prefabrik ev ile H\u0131zl\u0131 \u00c7\u00f6z\u00fcmler - Antalya Ekinci Prefabrik","isPartOf":{"@id":"https:\/\/ekinciprefabrik.com\/#website"},"primaryImageOfPage":{"@id":"https:\/\/ekinciprefabrik.com\/index.php\/urun\/54-m2-konteyner-ev-model-k2x5401\/#primaryimage"},"image":{"@id":"https:\/\/ekinciprefabrik.com\/index.php\/urun\/54-m2-konteyner-ev-model-k2x5401\/#primaryimage"},"thumbnailUrl":"https:\/\/ekinciprefabrik.com\/wp-content\/uploads\/2025\/07\/166ac020bcebfc_orginal.jpg","datePublished":"2025-07-18T18:11:41+00:00","dateModified":"2025-08-04T18:24:06+00:00","description":"Evinizi pratik bir \u015fekilde yarat\u0131n! Antalya prefabrik ev konteyner kurulum montaj ve imalat 54m2, konforun anahtar\u0131d\u0131r. Detaylar i\u00e7in t\u0131klay\u0131n!","breadcrumb":{"@id":"https:\/\/ekinciprefabrik.com\/index.php\/urun\/54-m2-konteyner-ev-model-k2x5401\/#breadcrumb"},"inLanguage":"tr","potentialAction":[{"@type":"ReadAction","target":["https:\/\/ekinciprefabrik.com\/index.php\/urun\/54-m2-konteyner-ev-model-k2x5401\/"]}]},{"@type":"ImageObject","inLanguage":"tr","@id":"https:\/\/ekinciprefabrik.com\/index.php\/urun\/54-m2-konteyner-ev-model-k2x5401\/#primaryimage","url":"https:\/\/ekinciprefabrik.com\/wp-content\/uploads\/2025\/07\/166ac020bcebfc_orginal.jpg","contentUrl":"https:\/\/ekinciprefabrik.com\/wp-content\/uploads\/2025\/07\/166ac020bcebfc_orginal.jpg","width":2000,"height":1500},{"@type":"BreadcrumbList","@id":"https:\/\/ekinciprefabrik.com\/index.php\/urun\/54-m2-konteyner-ev-model-k2x5401\/#breadcrumb","itemListElement":[{"@type":"ListItem","position":1,"name":"Anasayfa","item":"https:\/\/ekinciprefabrik.com\/"},{"@type":"ListItem","position":2,"name":"ma\u011faza","item":"https:\/\/ekinciprefabrik.com\/index.php\/magaza\/"},{"@type":"ListItem","position":3,"name":"aksu","item":"https:\/\/ekinciprefabrik.com\/index.php\/urun-etiketi\/aksu\/"},{"@type":"ListItem","position":4,"name":"54 m2 Konteyner ev Model K2X5401"}]},{"@type":"WebSite","@id":"https:\/\/ekinciprefabrik.com\/#website","url":"https:\/\/ekinciprefabrik.com\/","name":"Antalya Ekinci Prefabrik","description":"Antalya prefabrik ev yap\u0131m\u0131 montaj ve kurulum uygun fiyat","publisher":{"@id":"https:\/\/ekinciprefabrik.com\/#organization"},"potentialAction":[{"@type":"SearchAction","target":{"@type":"EntryPoint","urlTemplate":"https:\/\/ekinciprefabrik.com\/?s={search_term_string}"},"query-input":{"@type":"PropertyValueSpecification","valueRequired":true,"valueName":"search_term_string"}}],"inLanguage":"tr"},{"@type":"Organization","@id":"https:\/\/ekinciprefabrik.com\/#organization","name":"Antalya prefabrik ev kurulum montaj ve imalat","url":"https:\/\/ekinciprefabrik.com\/","logo":{"@type":"ImageObject","inLanguage":"tr","@id":"https:\/\/ekinciprefabrik.com\/#\/schema\/logo\/image\/","url":"https:\/\/ekinciprefabrik.com\/wp-content\/uploads\/2025\/08\/cropped-cropped-LOGO111.png","contentUrl":"https:\/\/ekinciprefabrik.com\/wp-content\/uploads\/2025\/08\/cropped-cropped-LOGO111.png","width":1537,"height":617,"caption":"Antalya prefabrik ev kurulum montaj ve imalat"},"image":{"@id":"https:\/\/ekinciprefabrik.com\/#\/schema\/logo\/image\/"},"sameAs":["https:\/\/www.instagram.com\/antalya_ekinci_prefabrik\/"]}]}},"_links":{"self":[{"href":"https:\/\/ekinciprefabrik.com\/index.php\/wp-json\/wp\/v2\/product\/887","targetHints":{"allow":["GET"]}}],"collection":[{"href":"https:\/\/ekinciprefabrik.com\/index.php\/wp-json\/wp\/v2\/product"}],"about":[{"href":"https:\/\/ekinciprefabrik.com\/index.php\/wp-json\/wp\/v2\/types\/product"}],"version-history":[{"count":9,"href":"https:\/\/ekinciprefabrik.com\/index.php\/wp-json\/wp\/v2\/product\/887\/revisions"}],"predecessor-version":[{"id":2076,"href":"https:\/\/ekinciprefabrik.com\/index.php\/wp-json\/wp\/v2\/product\/887\/revisions\/2076"}],"wp:featuredmedia":[{"embeddable":true,"href":"https:\/\/ekinciprefabrik.com\/index.php\/wp-json\/wp\/v2\/media\/888"}],"wp:attachment":[{"href":"https:\/\/ekinciprefabrik.com\/index.php\/wp-json\/wp\/v2\/media?parent=887"}],"wp:term":[{"taxonomy":"product_brand","embeddable":true,"href":"https:\/\/ekinciprefabrik.com\/index.php\/wp-json\/wp\/v2\/product_brand?post=887"},{"taxonomy":"product_cat","embeddable":true,"href":"https:\/\/ekinciprefabrik.com\/index.php\/wp-json\/wp\/v2\/product_cat?post=887"},{"taxonomy":"product_tag","embeddable":true,"href":"https:\/\/ekinciprefabrik.com\/index.php\/wp-json\/wp\/v2\/product_tag?post=887"}],"curies":[{"name":"wp","href":"https:\/\/api.w.org\/{rel}","templated":true}]}}