{"id":614,"date":"2025-07-17T03:40:11","date_gmt":"2025-07-17T00:40:11","guid":{"rendered":"https:\/\/ekinciprefabrik.com\/?page_id=614"},"modified":"2025-08-08T20:07:05","modified_gmt":"2025-08-08T17:07:05","slug":"iletisim","status":"publish","type":"page","link":"https:\/\/ekinciprefabrik.com\/index.php\/iletisim\/","title":{"rendered":"\u0130leti\u015fim"},"content":{"rendered":"\t\t<div data-elementor-type=\"wp-page\" data-elementor-id=\"614\" class=\"elementor elementor-614\">\n\t\t\t\t<div class=\"elementor-element elementor-element-6345ef1 e-flex e-con-boxed e-con e-parent\" data-id=\"6345ef1\" data-element_type=\"container\">\n\t\t\t\t\t<div class=\"e-con-inner\">\n\t\t\t\t<div class=\"elementor-element elementor-element-434bb92 e-transform elementor-widget elementor-widget-heading\" data-id=\"434bb92\" data-element_type=\"widget\" data-settings=\"{&quot;_transform_translateY_effect&quot;:{&quot;unit&quot;:&quot;px&quot;,&quot;size&quot;:30,&quot;sizes&quot;:[]},&quot;_transform_translateX_effect&quot;:{&quot;unit&quot;:&quot;px&quot;,&quot;size&quot;:&quot;&quot;,&quot;sizes&quot;:[]},&quot;_transform_translateX_effect_tablet&quot;:{&quot;unit&quot;:&quot;px&quot;,&quot;size&quot;:&quot;&quot;,&quot;sizes&quot;:[]},&quot;_transform_translateX_effect_mobile&quot;:{&quot;unit&quot;:&quot;px&quot;,&quot;size&quot;:&quot;&quot;,&quot;sizes&quot;:[]},&quot;_transform_translateY_effect_tablet&quot;:{&quot;unit&quot;:&quot;px&quot;,&quot;size&quot;:&quot;&quot;,&quot;sizes&quot;:[]},&quot;_transform_translateY_effect_mobile&quot;:{&quot;unit&quot;:&quot;px&quot;,&quot;size&quot;:&quot;&quot;,&quot;sizes&quot;:[]}}\" data-widget_type=\"heading.default\">\n\t\t\t\t\t<h4 class=\"elementor-heading-title elementor-size-default\">\u0130leti\u015fim<\/h4>\t\t\t\t<\/div>\n\t\t\t\t\t<\/div>\n\t\t\t\t<\/div>\n\t\t<div class=\"elementor-element elementor-element-828907c e-flex e-con-boxed e-con e-parent\" data-id=\"828907c\" data-element_type=\"container\">\n\t\t\t\t\t<div class=\"e-con-inner\">\n\t\t<div class=\"elementor-element elementor-element-7e89d13 e-grid e-con-full e-con e-child\" data-id=\"7e89d13\" data-element_type=\"container\">\n\t\t\t\t<div class=\"elementor-element elementor-element-d66e658 elementor-widget elementor-widget-text-editor\" data-id=\"d66e658\" data-element_type=\"widget\" data-widget_type=\"text-editor.default\">\n\t\t\t\t\t\t\t\t\t<h4 style=\"text-align: left;\"><span style=\"text-decoration: underline;\"><strong>Adres:<\/strong><\/span><\/h4><h6 style=\"text-align: left;\">\u00c7ak\u0131rlar mahallesi Girne caddesi\u00a0 Konyaalt\u0131\/ANTALYA<\/h6><h5 style=\"text-align: left;\"><strong><span style=\"text-decoration: underline;\">Telefon:<\/span> <\/strong><\/h5><h6 style=\"text-align: left;\"><strong>0 546 445 16 12<\/strong><\/h6>\t\t\t\t\t\t\t\t<\/div>\n\t\t<div class=\"elementor-element elementor-element-8a3a6a5 e-con-full e-flex e-con e-child\" data-id=\"8a3a6a5\" data-element_type=\"container\">\n\t\t\t\t<div class=\"elementor-element elementor-element-e9f202d elementor-widget elementor-widget-html\" data-id=\"e9f202d\" data-element_type=\"widget\" data-widget_type=\"html.default\">\n\t\t\t\t\t<iframe src=\"https:\/\/www.google.com\/maps\/embed?pb=!1m18!1m12!1m3!1d738.895883885077!2d30.54115035589429!3d36.861488286150106!2m3!1f0!2f0!3f0!3m2!1i1024!2i768!4f13.1!3m3!1m2!1s0x14c393a6cb27b11f%3A0xaa3adfd56b137727!2sAntalya%20Ekinci%20Prefabrik!5e0!3m2!1str!2str!4v1754133492600!5m2!1str!2str\" width=\"600\" height=\"450\" style=\"border:0;\" allowfullscreen=\"\" loading=\"lazy\" referrerpolicy=\"no-referrer-when-downgrade\"><\/iframe>\t\t\t\t<\/div>\n\t\t\t\t<\/div>\n\t\t\t\t<\/div>\n\t\t\t\t\t<\/div>\n\t\t\t\t<\/div>\n\t\t\t\t<\/div>\n\t\t","protected":false},"excerpt":{"rendered":"<p>\u0130leti\u015fim Adres: \u00c7ak\u0131rlar mahallesi Girne caddesi\u00a0 Konyaalt\u0131\/ANTALYA Telefon: 0 546 445 16 12<\/p>\n","protected":false},"author":1,"featured_media":0,"parent":0,"menu_order":0,"comment_status":"closed","ping_status":"closed","template":"","meta":{"_kad_post_transparent":"","_kad_post_title":"hide","_kad_post_layout":"fullwidth","_kad_post_sidebar_id":"","_kad_post_content_style":"unboxed","_kad_post_vertical_padding":"hide","_kad_post_feature":"hide","_kad_post_feature_position":"","_kad_post_header":false,"_kad_post_footer":false,"footnotes":""},"class_list":["post-614","page","type-page","status-publish","hentry"],"yoast_head":"<!-- This site is optimized with the Yoast SEO plugin v25.6 - https:\/\/yoast.com\/wordpress\/plugins\/seo\/ -->\n<title>\u0130leti\u015fim - Antalya Ekinci Prefabrik Antalya prefabrik - konteyner - ev yap\u0131m\u0131 kurulum ve montaj - imalat firmas\u0131 - ileti\u015fim - adres - telefon n\u0131maras\u0131<\/title>\n<meta name=\"description\" content=\"Antalya prefabrik ve konteyner ev - yap\u0131m\u0131 kurulum ve montaj imalat - firmas\u0131 ileti\u015fim telefon numaras\u0131\" \/>\n<meta name=\"robots\" content=\"index, follow, max-snippet:-1, max-image-preview:large, max-video-preview:-1\" \/>\n<link rel=\"canonical\" href=\"https:\/\/ekinciprefabrik.com\/index.php\/iletisim\/\" \/>\n<meta property=\"og:locale\" content=\"tr_TR\" \/>\n<meta property=\"og:type\" content=\"article\" \/>\n<meta property=\"og:title\" content=\"\u0130leti\u015fim - Antalya Ekinci Prefabrik Antalya prefabrik - konteyner - ev yap\u0131m\u0131 kurulum ve montaj - imalat firmas\u0131 - ileti\u015fim - adres - telefon n\u0131maras\u0131\" \/>\n<meta property=\"og:description\" content=\"Antalya prefabrik ve konteyner ev - yap\u0131m\u0131 kurulum ve montaj imalat - firmas\u0131 ileti\u015fim telefon numaras\u0131\" \/>\n<meta property=\"og:url\" content=\"https:\/\/ekinciprefabrik.com\/index.php\/iletisim\/\" \/>\n<meta property=\"og:site_name\" content=\"Antalya Ekinci Prefabrik\" \/>\n<meta property=\"article:modified_time\" content=\"2025-08-08T17:07:05+00:00\" \/>\n<meta property=\"og:image\" content=\"https:\/\/ekinciprefabrik.com\/wp-content\/uploads\/2025\/07\/52925061274m2.jpg\" \/>\n\t<meta property=\"og:image:width\" content=\"945\" \/>\n\t<meta property=\"og:image:height\" content=\"630\" \/>\n\t<meta property=\"og:image:type\" content=\"image\/jpeg\" \/>\n<meta name=\"twitter:card\" content=\"summary_large_image\" \/>\n<meta name=\"twitter:label1\" content=\"Tahmini okuma s\u00fcresi\" \/>\n\t<meta name=\"twitter:data1\" content=\"1 dakika\" \/>\n<script type=\"application\/ld+json\" class=\"yoast-schema-graph\">{\"@context\":\"https:\/\/schema.org\",\"@graph\":[{\"@type\":\"WebPage\",\"@id\":\"https:\/\/ekinciprefabrik.com\/index.php\/iletisim\/\",\"url\":\"https:\/\/ekinciprefabrik.com\/index.php\/iletisim\/\",\"name\":\"\u0130leti\u015fim - Antalya Ekinci Prefabrik Antalya prefabrik - konteyner - ev yap\u0131m\u0131 kurulum ve montaj - imalat firmas\u0131 - ileti\u015fim - adres - telefon n\u0131maras\u0131\",\"isPartOf\":{\"@id\":\"https:\/\/ekinciprefabrik.com\/#website\"},\"datePublished\":\"2025-07-17T00:40:11+00:00\",\"dateModified\":\"2025-08-08T17:07:05+00:00\",\"description\":\"Antalya prefabrik ve konteyner ev - yap\u0131m\u0131 kurulum ve montaj imalat - firmas\u0131 ileti\u015fim telefon numaras\u0131\",\"breadcrumb\":{\"@id\":\"https:\/\/ekinciprefabrik.com\/index.php\/iletisim\/#breadcrumb\"},\"inLanguage\":\"tr\",\"potentialAction\":[{\"@type\":\"ReadAction\",\"target\":[\"https:\/\/ekinciprefabrik.com\/index.php\/iletisim\/\"]}]},{\"@type\":\"BreadcrumbList\",\"@id\":\"https:\/\/ekinciprefabrik.com\/index.php\/iletisim\/#breadcrumb\",\"itemListElement\":[{\"@type\":\"ListItem\",\"position\":1,\"name\":\"Anasayfa\",\"item\":\"https:\/\/ekinciprefabrik.com\/\"},{\"@type\":\"ListItem\",\"position\":2,\"name\":\"\u0130leti\u015fim\"}]},{\"@type\":\"WebSite\",\"@id\":\"https:\/\/ekinciprefabrik.com\/#website\",\"url\":\"https:\/\/ekinciprefabrik.com\/\",\"name\":\"Antalya Ekinci Prefabrik\",\"description\":\"Antalya prefabrik ev yap\u0131m\u0131 montaj ve kurulum uygun fiyat\",\"publisher\":{\"@id\":\"https:\/\/ekinciprefabrik.com\/#organization\"},\"potentialAction\":[{\"@type\":\"SearchAction\",\"target\":{\"@type\":\"EntryPoint\",\"urlTemplate\":\"https:\/\/ekinciprefabrik.com\/?s={search_term_string}\"},\"query-input\":{\"@type\":\"PropertyValueSpecification\",\"valueRequired\":true,\"valueName\":\"search_term_string\"}}],\"inLanguage\":\"tr\"},{\"@type\":\"Organization\",\"@id\":\"https:\/\/ekinciprefabrik.com\/#organization\",\"name\":\"Antalya prefabrik ev kurulum montaj ve imalat\",\"url\":\"https:\/\/ekinciprefabrik.com\/\",\"logo\":{\"@type\":\"ImageObject\",\"inLanguage\":\"tr\",\"@id\":\"https:\/\/ekinciprefabrik.com\/#\/schema\/logo\/image\/\",\"url\":\"https:\/\/ekinciprefabrik.com\/wp-content\/uploads\/2025\/08\/cropped-cropped-LOGO111.png\",\"contentUrl\":\"https:\/\/ekinciprefabrik.com\/wp-content\/uploads\/2025\/08\/cropped-cropped-LOGO111.png\",\"width\":1537,\"height\":617,\"caption\":\"Antalya prefabrik ev kurulum montaj ve imalat\"},\"image\":{\"@id\":\"https:\/\/ekinciprefabrik.com\/#\/schema\/logo\/image\/\"},\"sameAs\":[\"https:\/\/www.instagram.com\/antalya_ekinci_prefabrik\/\"]}]}<\/script>\n<!-- \/ Yoast SEO plugin. -->","yoast_head_json":{"title":"\u0130leti\u015fim - Antalya Ekinci Prefabrik Antalya prefabrik - konteyner - ev yap\u0131m\u0131 kurulum ve montaj - imalat firmas\u0131 - ileti\u015fim - adres - telefon n\u0131maras\u0131","description":"Antalya prefabrik ve konteyner ev - yap\u0131m\u0131 kurulum ve montaj imalat - firmas\u0131 ileti\u015fim telefon numaras\u0131","robots":{"index":"index","follow":"follow","max-snippet":"max-snippet:-1","max-image-preview":"max-image-preview:large","max-video-preview":"max-video-preview:-1"},"canonical":"https:\/\/ekinciprefabrik.com\/index.php\/iletisim\/","og_locale":"tr_TR","og_type":"article","og_title":"\u0130leti\u015fim - Antalya Ekinci Prefabrik Antalya prefabrik - konteyner - ev yap\u0131m\u0131 kurulum ve montaj - imalat firmas\u0131 - ileti\u015fim - adres - telefon n\u0131maras\u0131","og_description":"Antalya prefabrik ve konteyner ev - yap\u0131m\u0131 kurulum ve montaj imalat - firmas\u0131 ileti\u015fim telefon numaras\u0131","og_url":"https:\/\/ekinciprefabrik.com\/index.php\/iletisim\/","og_site_name":"Antalya Ekinci Prefabrik","article_modified_time":"2025-08-08T17:07:05+00:00","og_image":[{"width":945,"height":630,"url":"https:\/\/ekinciprefabrik.com\/wp-content\/uploads\/2025\/07\/52925061274m2.jpg","type":"image\/jpeg"}],"twitter_card":"summary_large_image","twitter_misc":{"Tahmini okuma s\u00fcresi":"1 dakika"},"schema":{"@context":"https:\/\/schema.org","@graph":[{"@type":"WebPage","@id":"https:\/\/ekinciprefabrik.com\/index.php\/iletisim\/","url":"https:\/\/ekinciprefabrik.com\/index.php\/iletisim\/","name":"\u0130leti\u015fim - Antalya Ekinci Prefabrik Antalya prefabrik - konteyner - ev yap\u0131m\u0131 kurulum ve montaj - imalat firmas\u0131 - ileti\u015fim - adres - telefon n\u0131maras\u0131","isPartOf":{"@id":"https:\/\/ekinciprefabrik.com\/#website"},"datePublished":"2025-07-17T00:40:11+00:00","dateModified":"2025-08-08T17:07:05+00:00","description":"Antalya prefabrik ve konteyner ev - yap\u0131m\u0131 kurulum ve montaj imalat - firmas\u0131 ileti\u015fim telefon numaras\u0131","breadcrumb":{"@id":"https:\/\/ekinciprefabrik.com\/index.php\/iletisim\/#breadcrumb"},"inLanguage":"tr","potentialAction":[{"@type":"ReadAction","target":["https:\/\/ekinciprefabrik.com\/index.php\/iletisim\/"]}]},{"@type":"BreadcrumbList","@id":"https:\/\/ekinciprefabrik.com\/index.php\/iletisim\/#breadcrumb","itemListElement":[{"@type":"ListItem","position":1,"name":"Anasayfa","item":"https:\/\/ekinciprefabrik.com\/"},{"@type":"ListItem","position":2,"name":"\u0130leti\u015fim"}]},{"@type":"WebSite","@id":"https:\/\/ekinciprefabrik.com\/#website","url":"https:\/\/ekinciprefabrik.com\/","name":"Antalya Ekinci Prefabrik","description":"Antalya prefabrik ev yap\u0131m\u0131 montaj ve kurulum uygun fiyat","publisher":{"@id":"https:\/\/ekinciprefabrik.com\/#organization"},"potentialAction":[{"@type":"SearchAction","target":{"@type":"EntryPoint","urlTemplate":"https:\/\/ekinciprefabrik.com\/?s={search_term_string}"},"query-input":{"@type":"PropertyValueSpecification","valueRequired":true,"valueName":"search_term_string"}}],"inLanguage":"tr"},{"@type":"Organization","@id":"https:\/\/ekinciprefabrik.com\/#organization","name":"Antalya prefabrik ev kurulum montaj ve imalat","url":"https:\/\/ekinciprefabrik.com\/","logo":{"@type":"ImageObject","inLanguage":"tr","@id":"https:\/\/ekinciprefabrik.com\/#\/schema\/logo\/image\/","url":"https:\/\/ekinciprefabrik.com\/wp-content\/uploads\/2025\/08\/cropped-cropped-LOGO111.png","contentUrl":"https:\/\/ekinciprefabrik.com\/wp-content\/uploads\/2025\/08\/cropped-cropped-LOGO111.png","width":1537,"height":617,"caption":"Antalya prefabrik ev kurulum montaj ve imalat"},"image":{"@id":"https:\/\/ekinciprefabrik.com\/#\/schema\/logo\/image\/"},"sameAs":["https:\/\/www.instagram.com\/antalya_ekinci_prefabrik\/"]}]}},"_links":{"self":[{"href":"https:\/\/ekinciprefabrik.com\/index.php\/wp-json\/wp\/v2\/pages\/614","targetHints":{"allow":["GET"]}}],"collection":[{"href":"https:\/\/ekinciprefabrik.com\/index.php\/wp-json\/wp\/v2\/pages"}],"about":[{"href":"https:\/\/ekinciprefabrik.com\/index.php\/wp-json\/wp\/v2\/types\/page"}],"author":[{"embeddable":true,"href":"https:\/\/ekinciprefabrik.com\/index.php\/wp-json\/wp\/v2\/users\/1"}],"replies":[{"embeddable":true,"href":"https:\/\/ekinciprefabrik.com\/index.php\/wp-json\/wp\/v2\/comments?post=614"}],"version-history":[{"count":109,"href":"https:\/\/ekinciprefabrik.com\/index.php\/wp-json\/wp\/v2\/pages\/614\/revisions"}],"predecessor-version":[{"id":2215,"href":"https:\/\/ekinciprefabrik.com\/index.php\/wp-json\/wp\/v2\/pages\/614\/revisions\/2215"}],"wp:attachment":[{"href":"https:\/\/ekinciprefabrik.com\/index.php\/wp-json\/wp\/v2\/media?parent=614"}],"curies":[{"name":"wp","href":"https:\/\/api.w.org\/{rel}","templated":true}]}}